{"id":34,"date":"2018-11-14T18:46:13","date_gmt":"2018-11-14T17:46:13","guid":{"rendered":"http:\/\/www.kh-media.ch\/wordpress\/?page_id=34"},"modified":"2024-08-18T20:48:19","modified_gmt":"2024-08-18T18:48:19","slug":"archiv-magazine","status":"publish","type":"page","link":"https:\/\/www.kh-media.ch\/wordpress\/archiv-magazine\/","title":{"rendered":"Archiv Magazine"},"content":{"rendered":"<div id=\"wb_Text3\"><strong>ARCHIV MAGAZINE<\/strong><\/div>\n<div id=\"wb_Text2\">Magazine, erarbeitet mit viel Herzblut und mit viel Leidenschaft. Oft stehen Menschen im Mittelpunkt. Fachbeitr\u00e4ge informieren, bieten Lesenden Zusatznutzen. Magazine, Kunden- und Firmenzeitungen oder G\u00e4stepublikationen f\u00fcr Ihre pers\u00f6nliche Kundenbindung. Bl\u00e4ttern Sie weiter.<\/div>\n<div id=\"wb_Text4\">\n<p><strong>Viadi<\/strong><\/p>\n<p>Viadi Winter 2023 \/ 2024<br \/>\n<a href=\"http:\/\/www.kh-media.ch\/wordpress\/wp-content\/uploads\/2024\/07\/viadi_02_2023.pdf\">pdf<\/a><\/p>\n<p>Viadi Sommer 2023<br \/>\n<a href=\"http:\/\/www.kh-media.ch\/wordpress\/wp-content\/uploads\/2024\/07\/viadi_01_2023.pdf\">pdf<\/a><\/p>\n<p>Viadi Winter 2022 \/ 2023<br \/>\n<a href=\"http:\/\/www.kh-media.ch\/wordpress\/wp-content\/uploads\/2022\/12\/viadi-winter-22-23.pdf\">pdf<\/a><\/p>\n<p>Viadi Sommer 2022<br \/>\n<a href=\"http:\/\/www.kh-media.ch\/wordpress\/wp-content\/uploads\/2022\/12\/viadi_1_2022_20.05.2022.pdf\">pdf<\/a><\/p>\n<p>Viadi Winter 2021 \/2022<br \/>\n<a href=\"http:\/\/www.kh-media.ch\/wordpress\/wp-content\/uploads\/2021\/11\/viadi_2_2021.pdf\">pdf<\/a><\/p>\n<p>Viadi Sommer 2021<br \/>\n<a href=\"http:\/\/www.kh-media.ch\/wordpress\/wp-content\/uploads\/2021\/06\/viadi_sommer_21.pdf\">pdf<\/a><\/p>\n<p>Viadi Winter 2020\/2021<br \/>\n<a href=\"http:\/\/www.kh-media.ch\/wordpress\/wp-content\/uploads\/2020\/12\/viadi_wnter_2020-2021.pdf\">pdf<\/a><\/p>\n<p>Viadi Sommer 2020<br \/>\n<a href=\"http:\/\/www.kh-media.ch\/wordpress\/wp-content\/uploads\/2020\/06\/viadi-1-2020_compressed.pdf\">pdf<\/a><\/p>\n<p>Viadi Winter 2019\/2020<br \/>\n<a href=\"http:\/\/www.kh-media.ch\/wordpress\/wp-content\/uploads\/2020\/01\/viadi-winter-2020.pdf\">pdf<\/a><\/p>\n<p>Viadi Sommer 2019<br \/>\n<a href=\"http:\/\/www.kh-media.ch\/wordpress\/wp-content\/uploads\/2019\/06\/Viadi_01_2019.pdf\">pdf<\/a><\/p>\n<p>Viadi Winter 2018\/2019<br \/>\n<a href=\"http:\/\/www.kh-media.ch\/wordpress\/wp-content\/uploads\/2018\/11\/viadi-winter-18-19.pdf\">pdf<\/a><\/p>\n<p>Viadi Sommer 2018<br \/>\n<a href=\"http:\/\/www.kh-media.ch\/wordpress\/wp-content\/uploads\/2018\/11\/viadi-1-18-1.pdf\">pdf<\/a><\/p>\n<p>Viadi Winter 2017\/2018<br \/>\n<a href=\"http:\/\/www.kh-media.ch\/wordpress\/wp-content\/uploads\/2018\/11\/Viadi_1-2018.pdf\">pdf<\/a><\/p>\n<p>Viadi Sommer 2017<br \/>\n<a href=\"http:\/\/www.kh-media.ch\/wordpress\/wp-content\/uploads\/2018\/11\/viadi-1-17-1.pdf\">pdf<\/a><\/p>\n<p>Viadi Winter 2016\/2017<br \/>\n<a href=\"http:\/\/www.kh-media.ch\/flyer\/viadi-2-2016-2017.pdf\" target=\"_blank\" rel=\"noopener\">pdf<\/a><\/p>\n<p><strong>Viadi Sommer 2016<br \/>\n<\/strong><a href=\"http:\/\/www.kh-media.ch\/flyer\/Viadi_Sommer_16.pdf\" target=\"_blank\" rel=\"noopener\">pdf<\/a><\/p>\n<p><strong>Viadi Winter 2015\/2016<br \/>\n<a href=\"http:\/\/www.kh-media.ch\/flyer\/viadi_winter-2015.pdf\" target=\"_blank\" rel=\"noopener\">pdf<\/a><\/strong><\/p>\n<p>Viadi Sommer 2015<br \/>\n<a href=\"http:\/\/www.kh-media.ch\/flyer\/viadi_sommer-15.pdf\">pdf<\/a><\/p>\n<p>Viadi Winter 2014\/2015<br \/>\n<a href=\"http:\/\/www.kh-media.ch\/flyer\/viadi_winter-14.pdf\">pdf<\/a><\/p>\n<p>Viadi Sommer 2014<br \/>\n<a href=\"http:\/\/www.kh-media.ch\/flyer\/viadi_sommer-14.pdf\">pdf<\/a><\/p>\n<p>Viadi Winter 2013\/2014<br \/>\n<a href=\"http:\/\/www.kh-media.ch\/flyer\/viadi_winter-13.pdf\">pdf<\/a><\/p>\n<p>Viadi Sommer 2013<br \/>\n<a href=\"http:\/\/www.kh-media.ch\/flyer\/viadi_sommer-13.pdf\">pdf<\/a><\/p>\n<p>Viadi Winter 2012\/2013<br \/>\n<a href=\"http:\/\/www.kh-media.ch\/flyer\/viadi_winter-12.pdf\">pdf<\/a><\/p>\n<p>Viadi Sommer 2012<br \/>\n<a href=\"http:\/\/www.kh-media.ch\/flyer\/viadi-sommer-12.pdf\">pdf<\/a><br \/>\n<strong><br \/>\nViadi Winter 2011\/2012<br \/>\n<a href=\"http:\/\/www.kh-media.ch\/flyer\/viadi-winter-11.pdf\">pdf<\/a><\/strong><\/p>\n<p>F\u00fcr \u00e4ltere Ausgaben siehe\u00a0<a href=\"http:\/\/www.viadi.ch\/\">www.viadi.ch<\/a><\/p>\n<p><strong>Dezibel<\/strong><\/p>\n<p>Dezibel &#8211; Magazin f\u00fcr h\u00f6rbehinderte Menschen<\/p>\n<p>Dezibel 2\/17<br \/>\n<a href=\"http:\/\/www.kh-media.ch\/flyer\/dezibel_2-17.pdf\" target=\"_blank\" rel=\"noopener\">pdf<\/a><\/p>\n<p>Dezibel 1\/17<br \/>\n<a href=\"http:\/\/www.kh-media.ch\/flyer\/dezibel_1-17.pdf\" target=\"_blank\" rel=\"noopener\">pdf<\/a><\/p>\n<p>Dezibel 3\/14<br \/>\n<a href=\"http:\/\/www.kh-media.ch\/flyer\/dezibel_3-14.pdf\" target=\"_blank\" rel=\"noopener\">pdf<\/a><\/p>\n<p><strong>Gastro<\/strong><strong><br \/>\n<\/strong><strong>gastro infos &amp; News<br \/>\nGastro 2\/17<br \/>\n<a href=\"http:\/\/www.kh-media.ch\/flyer\/Gastro-2-17.pdf\">pdf<\/a><br \/>\nGastro 1\/17<br \/>\n<a href=\"http:\/\/www.kh-media.ch\/flyer\/gastro-1-17.pdf\">pdf<\/a><br \/>\nGastro 4\/16<br \/>\n<a href=\"http:\/\/www.kh-media.ch\/flyer\/Gastro_4_2016.pdf\">pdf<\/a><br \/>\nGastro 3\/16<br \/>\n<a href=\"http:\/\/www.kh-media.ch\/flyer\/Gastro_3_2016.pdf\">pdf<\/a><br \/>\nGastro 2\/16<br \/>\n<a href=\"http:\/\/www.kh-media.ch\/flyer\/Gastro-2_2016.pdf\">pdf<\/a><br \/>\nGastro 1\/16<br \/>\n<a href=\"http:\/\/www.kh-media.ch\/flyer\/Gastro_1_2016.pdf\">pdf<\/a><br \/>\nGastro 3\/15<br \/>\n<a href=\"http:\/\/www.kh-media.ch\/flyer\/Gastro_3_2015.pdf\">pdf<\/a><br \/>\nGastro 3\/14<br \/>\n<a href=\"http:\/\/www.kh-media.ch\/flyer\/Gastro_3_2014_.pdf\">pdf<\/a><br \/>\nGastro 2\/14<br \/>\n<\/strong><strong><a href=\"http:\/\/www.kh-media.ch\/flyer\/Gastro-2-14.pdf\">pdf<\/a><\/strong><\/p>\n<p><strong>Magazin Wissensplatz HTW Chur<br \/>\n<\/strong><strong>siehe:\u00a0<\/strong><em><a href=\"http:\/\/www.htwchur.ch\/\" target=\"_blank\" rel=\"noopener\">www.htwchur.ch<\/a><\/em><\/p>\n<\/div>\n","protected":false},"excerpt":{"rendered":"<p>ARCHIV MAGAZINE Magazine, erarbeitet mit viel Herzblut und mit viel Leidenschaft. Oft stehen Menschen im Mittelpunkt. Fachbeitr\u00e4ge informieren, bieten Lesenden Zusatznutzen. Magazine, Kunden- und Firmenzeitungen oder G\u00e4stepublikationen f\u00fcr Ihre pers\u00f6nliche Kundenbindung. Bl\u00e4ttern Sie weiter. Viadi Viadi Winter 2023 \/ 2024 pdf Viadi Sommer 2023 pdf Viadi Winter 2022 \/ 2023 pdf Viadi Sommer 2022 pdf &hellip; <a href=\"https:\/\/www.kh-media.ch\/wordpress\/archiv-magazine\/\" class=\"more-link\"><span class=\"screen-reader-text\">Archiv Magazine<\/span> weiterlesen<\/a><\/p>\n","protected":false},"author":1,"featured_media":139,"parent":0,"menu_order":0,"comment_status":"closed","ping_status":"closed","template":"","meta":{"jetpack_post_was_ever_published":false,"footnotes":"","_links_to":"","_links_to_target":""},"jetpack_sharing_enabled":true,"jetpack_shortlink":"https:\/\/wp.me\/PatEsH-y","_links":{"self":[{"href":"https:\/\/www.kh-media.ch\/wordpress\/wp-json\/wp\/v2\/pages\/34"}],"collection":[{"href":"https:\/\/www.kh-media.ch\/wordpress\/wp-json\/wp\/v2\/pages"}],"about":[{"href":"https:\/\/www.kh-media.ch\/wordpress\/wp-json\/wp\/v2\/types\/page"}],"author":[{"embeddable":true,"href":"https:\/\/www.kh-media.ch\/wordpress\/wp-json\/wp\/v2\/users\/1"}],"replies":[{"embeddable":true,"href":"https:\/\/www.kh-media.ch\/wordpress\/wp-json\/wp\/v2\/comments?post=34"}],"version-history":[{"count":21,"href":"https:\/\/www.kh-media.ch\/wordpress\/wp-json\/wp\/v2\/pages\/34\/revisions"}],"predecessor-version":[{"id":5284,"href":"https:\/\/www.kh-media.ch\/wordpress\/wp-json\/wp\/v2\/pages\/34\/revisions\/5284"}],"wp:featuredmedia":[{"embeddable":true,"href":"https:\/\/www.kh-media.ch\/wordpress\/wp-json\/wp\/v2\/media\/139"}],"wp:attachment":[{"href":"https:\/\/www.kh-media.ch\/wordpress\/wp-json\/wp\/v2\/media?parent=34"}],"curies":[{"name":"wp","href":"https:\/\/api.w.org\/{rel}","templated":true}]}}