{"id":36,"date":"2018-11-14T18:46:24","date_gmt":"2018-11-14T17:46:24","guid":{"rendered":"http:\/\/www.kh-media.ch\/wordpress\/?page_id=36"},"modified":"2024-08-17T15:14:32","modified_gmt":"2024-08-17T13:14:32","slug":"archiv-presse","status":"publish","type":"page","link":"https:\/\/www.kh-media.ch\/wordpress\/archiv-presse\/","title":{"rendered":"Archiv Presse"},"content":{"rendered":"<div>\n<div><span style=\"color: #993366;\">ARCHIV PRESSE<\/span><\/div>\n<div><\/div>\n<div id=\"wb_Text4\">Alle Facetten des Lebens sp\u00fcren. Eintauchen in verschiedene Welten. Spannende Stationen in meinem Leben haben viele Texte hervorgebracht. Momente, festgehalten in Worte, verarbeitet in Artikel, Reportagen, Portr\u00e4ts.<\/div>\n<div><\/div>\n<div id=\"wb_Text3\"><strong>Magazin Wissensplatz HTW Chur:<\/strong><strong><br \/>\n<\/strong>vgl.:\u00a0<em><em><a target=\"_self\" rel=\"noopener noreferrer\">www.htwchur.ch<\/a><\/em><\/em><\/div>\n<div><\/div>\n<div><strong>Coop-Zeitung &#8211; 2013:<\/strong><strong><br \/>\n<\/strong><em><a href=\"http:\/\/www.kh-media.ch\/flyer\/kh-media-Coopzeitung-Spanien-1-2013.pdf\" target=\"_blank\" rel=\"noopener noreferrer\">Nordspanien im Zug<\/a><br \/>\n<\/em><br \/>\n<strong>NZZ<\/strong>:<br \/>\n<strong><strong>Wandern zum Lagh da Saoseo\u00a0 <\/strong><\/strong><a href=\"file:\/\/\/D:\/Webseiten\/kh-media\/kh-media\/kh-media-def\/nzz.Lagh-Saoseo-10-12-__Fr_20121012_JSC05_16_00.pdf\">pdf<\/a><\/div>\n<div><strong><strong><br \/>\nZwischen Schneehasen und Steinb\u00f6cken<\/strong><\/strong><a href=\"http:\/\/www.kh-media.ch\/flyer\/NZZ-11-12-15-schneehasen-gedreht.pdf\">\u00a0pdf<\/a><\/div>\n<div><\/div>\n<div><strong>S\u00fcdostschweiz Sonntagszeitung<\/strong><br \/>\nEinsam in der Hornet durch die stockfinstere Nacht<a href=\"http:\/\/www.kh-media.ch\/flyer\/SO-hornet-15.pdf\">\u00a0pdf<\/a><\/div>\n<div><em><br \/>\n<\/em><strong>S\u00fcdostschweiz &#8211; Sonntagsreportage 6-2015:<br \/>\n<\/strong><em><a href=\"http:\/\/www.kh-media.ch\/flyer\/SO-SZGR_150628_040_Sonntagsreportage.pdf\" target=\"_blank\" rel=\"noopener noreferrer\">B\u00e4uerin wird Hoteli\u00e9re, Hoteli\u00e9re wird B\u00e4uerin\u00a0<\/a><\/em><\/div>\n<div>\n<p><strong><br \/>\nS\u00fcdostschweiz &#8211; Leben: Nichtrauchertag:<br \/>\n<\/strong><span class=\"stylegrau-kursiv\"><a href=\"http:\/\/www.kh-media.ch\/flyer\/SO-Nichtrauchertag-5-15-SOGR_150527_020_Leben.pdf\" target=\"_blank\" rel=\"noopener noreferrer\">Nichtrauchertag<\/a><\/span><\/p>\n<p><strong>S\u00fcdostschweiz &#8211; September 2014:<br \/>\n<\/strong><em><em><a href=\"http:\/\/www.kh-media.ch\/flyer\/SO-Jagd_02_2014-09-02.pdf\" target=\"_blank\" rel=\"noopener noreferrer\">Meine Frau, die passionierte J\u00e4gerin<\/a><\/em><\/em><\/p>\n<p><strong>Kroatien: Land der Inseln und historischen St\u00e4dte <\/strong><a href=\"http:\/\/www.kh-media.ch\/flyer\/SO-Kroatien-8-14.pdf\">pdf<\/a><\/p>\n<\/div>\n<\/div>\n<div id=\"wb_Text4\">Alle Facetten des Lebens sp\u00fcren. Eintauchen in verschiedene Welten. Spannende Stationen in meinem Leben haben viele Texte hervorgebracht. Momente, festgehalten in Worte, verarbeitet in Artikel, Reportagen, Portr\u00e4ts.<\/div>\n<div id=\"wb_Text3\"><strong><br \/>\nMagazin Wissensplatz HTW Chur:<\/strong><strong><br \/>\n<\/strong>vgl.:\u00a0<em><em><a target=\"_self\" rel=\"noopener noreferrer\">www.htwchur.ch<\/a><\/em><\/em><strong>Coop-Zeitung &#8211; 2013:<\/strong><strong><br \/>\n<\/strong><em><a href=\"http:\/\/www.kh-media.ch\/flyer\/kh-media-Coopzeitung-Spanien-1-2013.pdf\" target=\"_blank\" rel=\"noopener noreferrer\">Nordspanien im Zug<\/a><br \/>\n<\/em><br \/>\n<strong>NZZ<\/strong>:<br \/>\n<strong><strong><strong>Wandern zum Lagh da Saoseo <a href=\"file:\/\/\/D:\/Webseiten\/kh-media\/kh-media\/kh-media-def\/nzz.Lagh-Saoseo-10-12-__Fr_20121012_JSC05_16_00.pdf\">pdf\u00a0<\/a><\/strong><\/strong><\/strong>Zwischen Schneehasen und Steinb\u00f6cken <a href=\"http:\/\/www.kh-media.ch\/flyer\/NZZ-11-12-15-schneehasen-gedreht.pdf\">pdf <\/a><\/p>\n<p><strong>S\u00fcdostschweiz Sonntagszeitung<\/strong><br \/>\nEinsam in der Hornet durch die stockfinstere Nacht <a href=\"http:\/\/www.kh-media.ch\/flyer\/SO-hornet-15.pdf\">pdf\u00a0<\/a><br \/>\n<em><br \/>\n<\/em><strong>S\u00fcdostschweiz &#8211; Sonntagsreportage 6-2015:<br \/>\n<\/strong><em><em><a href=\"http:\/\/www.kh-media.ch\/flyer\/SO-SZGR_150628_040_Sonntagsreportage.pdf\" target=\"_blank\" rel=\"noopener noreferrer\">B\u00e4uerin wird Hoteli\u00e9re, Hoteli\u00e9re wird B\u00e4uerin<\/a><\/em><\/em>&nbsp;<\/p>\n<p><strong>S\u00fcdostschweiz &#8211; Leben: Nichtrauchertag:<br \/>\n<\/strong><span class=\"stylegrau-kursiv\"><a href=\"http:\/\/www.kh-media.ch\/flyer\/SO-Nichtrauchertag-5-15-SOGR_150527_020_Leben.pdf\" target=\"_blank\" rel=\"noopener noreferrer\">Nichtrauchertag <\/a><\/p>\n<p><\/span><strong>S\u00fcdostschweiz &#8211; September 2014:<br \/>\n<\/strong><em><em><a href=\"http:\/\/www.kh-media.ch\/flyer\/SO-Jagd_02_2014-09-02.pdf\" target=\"_blank\" rel=\"noopener noreferrer\">Meine Frau, die passionierte J\u00e4gerin<\/a><\/p>\n<p><\/em><\/em><strong>Kroatien: Land der Inseln und historischen St\u00e4dte <a href=\"http:\/\/www.kh-media.ch\/flyer\/SO-Kroatien-8-14.pdf\">pdf<\/a><\/strong><\/div>\n","protected":false},"excerpt":{"rendered":"<p>ARCHIV PRESSE Alle Facetten des Lebens sp\u00fcren. Eintauchen in verschiedene Welten. Spannende Stationen in meinem Leben haben viele Texte hervorgebracht. Momente, festgehalten in Worte, verarbeitet in Artikel, Reportagen, Portr\u00e4ts. Magazin Wissensplatz HTW Chur: vgl.:\u00a0www.htwchur.ch Coop-Zeitung &#8211; 2013: Nordspanien im Zug NZZ: Wandern zum Lagh da Saoseo\u00a0 pdf Zwischen Schneehasen und Steinb\u00f6cken\u00a0pdf S\u00fcdostschweiz Sonntagszeitung Einsam in &hellip; <a href=\"https:\/\/www.kh-media.ch\/wordpress\/archiv-presse\/\" class=\"more-link\"><span class=\"screen-reader-text\">Archiv Presse<\/span> weiterlesen<\/a><\/p>\n","protected":false},"author":1,"featured_media":140,"parent":0,"menu_order":0,"comment_status":"closed","ping_status":"closed","template":"","meta":{"jetpack_post_was_ever_published":false,"footnotes":"","_links_to":"","_links_to_target":""},"jetpack_sharing_enabled":true,"jetpack_shortlink":"https:\/\/wp.me\/PatEsH-A","_links":{"self":[{"href":"https:\/\/www.kh-media.ch\/wordpress\/wp-json\/wp\/v2\/pages\/36"}],"collection":[{"href":"https:\/\/www.kh-media.ch\/wordpress\/wp-json\/wp\/v2\/pages"}],"about":[{"href":"https:\/\/www.kh-media.ch\/wordpress\/wp-json\/wp\/v2\/types\/page"}],"author":[{"embeddable":true,"href":"https:\/\/www.kh-media.ch\/wordpress\/wp-json\/wp\/v2\/users\/1"}],"replies":[{"embeddable":true,"href":"https:\/\/www.kh-media.ch\/wordpress\/wp-json\/wp\/v2\/comments?post=36"}],"version-history":[{"count":11,"href":"https:\/\/www.kh-media.ch\/wordpress\/wp-json\/wp\/v2\/pages\/36\/revisions"}],"predecessor-version":[{"id":5261,"href":"https:\/\/www.kh-media.ch\/wordpress\/wp-json\/wp\/v2\/pages\/36\/revisions\/5261"}],"wp:featuredmedia":[{"embeddable":true,"href":"https:\/\/www.kh-media.ch\/wordpress\/wp-json\/wp\/v2\/media\/140"}],"wp:attachment":[{"href":"https:\/\/www.kh-media.ch\/wordpress\/wp-json\/wp\/v2\/media?parent=36"}],"curies":[{"name":"wp","href":"https:\/\/api.w.org\/{rel}","templated":true}]}}