{"id":5113,"date":"2022-02-22T18:40:13","date_gmt":"2022-02-22T17:40:13","guid":{"rendered":"http:\/\/www.kh-media.ch\/wordpress\/?page_id=5113"},"modified":"2024-08-19T10:26:50","modified_gmt":"2024-08-19T08:26:50","slug":"viadi","status":"publish","type":"page","link":"https:\/\/www.kh-media.ch\/wordpress\/viadi\/","title":{"rendered":"Viadi"},"content":{"rendered":"<p style=\"text-align: center;\"><img loading=\"lazy\" decoding=\"async\" class=\"alignnone size-medium wp-image-5213\" src=\"http:\/\/www.kh-media.ch\/wordpress\/wp-content\/uploads\/2023\/12\/viadi-2-23-Titelbild--210x300.jpg\" alt=\"\" width=\"210\" height=\"300\" srcset=\"https:\/\/www.kh-media.ch\/wordpress\/wp-content\/uploads\/2023\/12\/viadi-2-23-Titelbild--210x300.jpg 210w, https:\/\/www.kh-media.ch\/wordpress\/wp-content\/uploads\/2023\/12\/viadi-2-23-Titelbild--718x1024.jpg 718w, https:\/\/www.kh-media.ch\/wordpress\/wp-content\/uploads\/2023\/12\/viadi-2-23-Titelbild-.jpg 752w\" sizes=\"(max-width: 210px) 100vw, 210px\" \/><\/p>\n<p style=\"text-align: center;\"><span style=\"color: #993300; font-size: 18pt;\">Die letzte viadi-Ausgabe<\/span><\/p>\n<p>&nbsp;<\/p>\n<p>Liebe viadi-Leserinnen und -Leser 20 Jahre viadi neigen sich mit dieser Ausgabe ihrem Ende zu. Im Sommer haben wir gerade erst noch das 20-Jahr-Jubil\u00e4um gefeiert \u2013 mit viel Resonanz seitens der Lesenden. Die letzten 20 Jahre reichten jedoch bei Weitem nicht dazu aus, Ihnen alle Sch\u00e4tze und Trouvaillen von Graub\u00fcnden zu F\u00fcssen zu legen. Denn Graub\u00fcnden hat noch viel mehr zu bieten. So liegt es nun an Ihnen, weitere (Natur)-Perlen selbst zu entdecken. Dazu w\u00fcnschen wir Ihnen schon jetzt viel Freude. Warum kein viadi mehr? Ein Teil der \u00f6V-Unternehmen und das Amt f\u00fcr Energie und Verkehr Graub\u00fcnden, welche das viadi unterst\u00fctzt haben, wollen nun mit einer anderen Publikation, bei der die Federf\u00fchrung bei der RhB liegt, eine neue \u00c4ra einleiten. Darum hat es f\u00fcr das viadi keinen Platz mehr. Wir sind aber zusammen mit Ihnen gespannt auf das Nachfolgemagazin. Wir m\u00f6chten uns bei allen unseren viadi-Leserinnen und -Lesern f\u00fcr die 20-j\u00e4hrige Treue sehr herzlich bedanken. Waren doch Sie es, die uns zu immer neuen Herausforderungen anspornten und uns oft auch sagten, dass das viadi sie immer wieder aufs Neue dazu animierte, mit dem \u00f6V zu reisen, um Wanderungen, Bike- und Schneeschuhtouren, Skitouren und viele weitere Ausfl\u00fcge zu unternehmen. In dieser letzten viadi-Ausgabe finden Sie nun noch einmal viele Reportagen zu den sch\u00f6nsten Orten in Graub\u00fcnden. Ans Herz legen m\u00f6chten wir Ihnen ganz besonders die Schneeschuhwanderung auf die zauberhafte Hochebene Cuolm da Latsch oberhalb von Berg\u00fcn. In eine traumhafte Landschaft tauchen Sie ebenfalls ein, wenn Sie vom Oberalppass bis nach Maighels oder im UNESCO Welterbe Sardona Richtung Tschingelh\u00f6rner \u00abschneesch\u00fcehlen\u00bb. Winterwandern im Dischmatal, auf der Hochebene Feldis oder auf dem Engadiner Weitwanderweg l\u00e4sst die Herzen ebenfalls h\u00f6her schlagen. Skitouren zur Fellil\u00fccke oder in die Winterwelt der \u00abAroser Dolomiten\u00bb begeistern ebenso. Und wer tolle Pisten sucht, der wird beispielsweise in Scuol und in Bivio f\u00fcndig. Und weil es nun eben doch die letzte viadi-Ausgabe sein wird, haben wir noch sommerliche Vorschauen eingef\u00fcgt. Viel Spass beim Ela-Trekking und beim E-Biken auf der neuen Raetica-Classica. Wann der derzeit im 3 D-Drucker entstehende Zuckerb\u00e4cker-Turm von Origen in Mulegns bespielt wird, das verraten wir Ihnen auch noch. Viele Freude beim Lesen, viel Freude beim nachfolgenden Entdecken bei wunderbaren Winter-Trouvaillen. Herzlich \u2013 Karin Huber mit allen Mitarbeitenden Redaktion viadi<\/p>\n<p>Danke f\u00fcr 20 Jahre viadi:<\/p>\n<p>Ihr viadi-Team<\/p>\n<p><img loading=\"lazy\" decoding=\"async\" class=\"alignnone wp-image-5122\" src=\"http:\/\/www.kh-media.ch\/wordpress\/wp-content\/uploads\/2022\/02\/karin-u-k.jpg\" alt=\"\" width=\"105\" height=\"68\" \/><\/p>\n<p>Karin Huber<\/p>\n<p>Weitere viadi-Magazine finden Sie unter der Rubrik +Archiv&#8220;.<\/p>\n","protected":false},"excerpt":{"rendered":"<p>Die letzte viadi-Ausgabe &nbsp; Liebe viadi-Leserinnen und -Leser 20 Jahre viadi neigen sich mit dieser Ausgabe ihrem Ende zu. Im Sommer haben wir gerade erst noch das 20-Jahr-Jubil\u00e4um gefeiert \u2013 mit viel Resonanz seitens der Lesenden. Die letzten 20 Jahre reichten jedoch bei Weitem nicht dazu aus, Ihnen alle Sch\u00e4tze und Trouvaillen von Graub\u00fcnden zu &hellip; <a href=\"https:\/\/www.kh-media.ch\/wordpress\/viadi\/\" class=\"more-link\"><span class=\"screen-reader-text\">Viadi<\/span> weiterlesen<\/a><\/p>\n","protected":false},"author":1,"featured_media":0,"parent":0,"menu_order":0,"comment_status":"closed","ping_status":"closed","template":"","meta":{"jetpack_post_was_ever_published":false,"footnotes":"","_links_to":"","_links_to_target":""},"jetpack_sharing_enabled":true,"jetpack_shortlink":"https:\/\/wp.me\/PatEsH-1kt","_links":{"self":[{"href":"https:\/\/www.kh-media.ch\/wordpress\/wp-json\/wp\/v2\/pages\/5113"}],"collection":[{"href":"https:\/\/www.kh-media.ch\/wordpress\/wp-json\/wp\/v2\/pages"}],"about":[{"href":"https:\/\/www.kh-media.ch\/wordpress\/wp-json\/wp\/v2\/types\/page"}],"author":[{"embeddable":true,"href":"https:\/\/www.kh-media.ch\/wordpress\/wp-json\/wp\/v2\/users\/1"}],"replies":[{"embeddable":true,"href":"https:\/\/www.kh-media.ch\/wordpress\/wp-json\/wp\/v2\/comments?post=5113"}],"version-history":[{"count":18,"href":"https:\/\/www.kh-media.ch\/wordpress\/wp-json\/wp\/v2\/pages\/5113\/revisions"}],"predecessor-version":[{"id":5293,"href":"https:\/\/www.kh-media.ch\/wordpress\/wp-json\/wp\/v2\/pages\/5113\/revisions\/5293"}],"wp:attachment":[{"href":"https:\/\/www.kh-media.ch\/wordpress\/wp-json\/wp\/v2\/media?parent=5113"}],"curies":[{"name":"wp","href":"https:\/\/api.w.org\/{rel}","templated":true}]}}